{"id":1024,"date":"2025-10-02T11:59:30","date_gmt":"2025-10-02T10:59:30","guid":{"rendered":"https:\/\/novo.esocvp.org\/?page_id=1024"},"modified":"2026-02-24T15:34:39","modified_gmt":"2026-02-24T15:34:39","slug":"tas-rec-recertificacao-de-tripulante-de-ambulancia-de-socorro","status":"publish","type":"page","link":"https:\/\/novo.esocvp.org\/index.php\/tas-rec-recertificacao-de-tripulante-de-ambulancia-de-socorro\/","title":{"rendered":"TAS\\REC \u2013 Recertifica\u00e7\u00e3o de Tripulante de Ambul\u00e2ncia de Socorro"},"content":{"rendered":"\n<div class=\"wp-block-columns is-layout-flex wp-container-core-columns-is-layout-28f84493 wp-block-columns-is-layout-flex\">\n<div class=\"wp-block-column is-layout-flow wp-block-column-is-layout-flow\" style=\"flex-basis:33.33%\">\n<p class=\"has-background-color has-text-color has-link-color has-extra-small-font-size wp-elements-239d9da20e84f3138794c9f9bf4b5303\"><strong><strong>Dura\u00e7\u00e3o:<\/strong><\/strong><\/p>\n\n\n\n<p><\/p>\n\n\n\n<h5 class=\"wp-block-heading has-text-align-center has-extra-small-font-size\">35 horas<\/h5>\n\n\n\n<p><\/p>\n\n\n\n<h5 class=\"wp-block-heading has-background-color has-text-color has-link-color has-extra-small-font-size wp-elements-970cb15a62428b9cc62041ed97c3c249\"><strong>Objetivo:<\/strong><\/h5>\n\n\n\n<p class=\"has-extra-small-font-size\">Esta a\u00e7\u00e3o pretende actualizar e aperfei\u00e7oar os conhecimentos adquiridos, a fim de manter ativa a compet\u00eancia de Tripulante de Ambul\u00e2ncia de Socorro e dando cumprimento ao estabelecido no regulamento de transporte de doentes, aprovado pela Portaria n? 260\/2014 de 15 de dezembro. Nesse sentido, os cursos RTAS, t\u00eam como objetivo geral dotar os formandos com as compet\u00eancias necess\u00e1rias no \u00e2mbito da abordagem, avalia\u00e7\u00e3o, estabiliza\u00e7\u00e3o e transporte de v\u00edtimas de doen\u00e7a s\u00fabita e\/ou trauma.<\/p>\n\n\n\n<p><\/p>\n\n\n\n<h5 class=\"wp-block-heading has-background-color has-text-color has-link-color has-extra-small-font-size wp-elements-bddaa421988b575371460e6434e8a136\"><strong>Destinat\u00e1rios:<\/strong><\/h5>\n\n\n\n<p class=\"has-extra-small-font-size\">Candidatos para manter a fun\u00e7\u00e3o de Tripulante de Ambul\u00e2ncia de Socorro.<\/p>\n\n\n\n<p><\/p>\n\n\n\n<h5 class=\"wp-block-heading has-background-color has-text-color has-link-color has-extra-small-font-size wp-elements-363925537030f28c4ca9d6f7da0110d5\"><strong>Conte\u00fados Program\u00e1ticos:<\/strong><\/h5>\n\n\n\n<p class=\"has-extra-small-font-size\">Emerg\u00eancias: M\u00e9dicas, Pedi\u00e1tricas, Obst\u00e9tricas; Trauma; Reanima\u00e7\u00e3o Adulto e Pedi\u00e1trica; Opera\u00e7\u00f5es; Compet\u00eancias Psicol\u00f3gicas.<\/p>\n\n\n\n<p><\/p>\n\n\n\n<h5 class=\"wp-block-heading has-background-color has-text-color has-link-color has-extra-small-font-size wp-elements-24eb7e5409a35a1e8746af4b9ca1918d\"><strong>Inclui:<\/strong><\/h5>\n\n\n\n<ul class=\"wp-block-list\">\n<li class=\"has-extra-small-font-size\">Certificado digital emitido pela ESO aos formandos aprovados e cart\u00e3o TAS, emitido pelo INEM, ambos v\u00e1lidos por 5 anos;<\/li>\n\n\n\n<li class=\"has-extra-small-font-size\">Manuais e v\u00eddeos dispon\u00edveis para download atrav\u00e9s de inscri\u00e7\u00e3o na plataforma APRENDER &#8211; https:\/\/aprender.inem.pt\/login\/index.php<\/li>\n<\/ul>\n\n\n\n<p><\/p>\n\n\n\n<h5 class=\"wp-block-heading has-background-color has-text-color has-link-color has-extra-small-font-size wp-elements-d526d8de60a7328a025ec488d5c254b4\"><strong>Informa\u00e7\u00f5es:<\/strong><\/h5>\n\n\n\n<ul class=\"wp-block-list\">\n<li class=\"has-extra-small-font-size\">A frequ\u00eancia num curso TAS\/REC tem como pr\u00e9-requisito a compet\u00eancia TAS v\u00e1lida (previsto at\u00e9 6 meses antes ou ap\u00f3s da data de validade terminar).<\/li>\n\n\n\n<li class=\"has-extra-small-font-size\">S\u00e3o permitidas faltas at\u00e9 5% do n\u00famero de horas do curso, quando devidamente justificadas, excepto nos momentos de avalia\u00e7\u00e3o;<\/li>\n\n\n\n<li class=\"has-extra-small-font-size\">O incumprimento deste requisito implica a reprova\u00e7\u00e3o e n\u00e3o continuidade no curso.<\/li>\n<\/ul>\n\n\n\n<p><\/p>\n<\/div>\n\n\n\n<div class=\"wp-block-column is-layout-flow wp-block-column-is-layout-flow\" style=\"flex-basis:66.66%\">\n<div class=\"wp-block-columns is-layout-flex wp-container-core-columns-is-layout-28f84493 wp-block-columns-is-layout-flex\">\n<div class=\"wp-block-column is-layout-flow wp-block-column-is-layout-flow\" style=\"flex-basis:66.66%\">\n<h5 class=\"wp-block-heading has-background-color has-text-color has-link-color has-extra-small-font-size wp-elements-5fc7681d99646632d8b865bb54ce0dd2\"><strong>Pre\u00e7\u00e1rio:<\/strong><\/h5>\n\n\n\n<p class=\"has-heading-color has-text-color has-link-color has-extra-small-font-size wp-elements-e2f097dec59e3c82507087583161fd92\"><strong>Inscri\u00e7\u00e3o individual:<\/strong> 300,00 \u20ac &#8211; contacte <a href=\"mailto:eso.geral@esocvp.org\">eso.geral@esocvp.org<\/a><\/p>\n\n\n\n<p class=\"has-heading-color has-text-color has-link-color has-extra-small-font-size wp-elements-ec3510f1cb972a32a202f64b2aa2018c\"><strong>Entidades:<\/strong> Sob consulta \u2013 contacte&nbsp;<a href=\"mailto:eso.planeamento1@esocvp.org\">eso.planeamento1@esocvp.org<\/a><\/p>\n<\/div>\n\n\n\n<div class=\"wp-block-column is-layout-flow wp-block-column-is-layout-flow\" style=\"flex-basis:33.33%\">\n<div class=\"wp-block-buttons is-layout-flex wp-block-buttons-is-layout-flex\">\n<div class=\"wp-block-button has-custom-width wp-block-button__width-100\"><a class=\"wp-block-button__link wp-element-button\" style=\"padding-top:var(--wp--preset--spacing--40);padding-right:0;padding-bottom:var(--wp--preset--spacing--40);padding-left:0\"><strong>Formul\u00e1rio Pr\u00e9-Inscri\u00e7\u00e3o<\/strong><\/a><\/div>\n<\/div>\n<\/div>\n<\/div>\n\n\n\n<p class=\"has-text-align-center has-white-color has-cyan-bluish-gray-background-color has-text-color has-background has-link-color wp-elements-0c82e9ec1ec4cc1bc8a8c8cf591f78bf\" style=\"padding-top:var(--wp--preset--spacing--20);padding-right:0;padding-bottom:var(--wp--preset--spacing--20);padding-left:0\"><strong>Forma\u00e7\u00e3o TAS\\REC agendada, nos dias abaixo assinalados<\/strong><\/p>\n\n\n\n\r\n<div id='mc-948a6a8e8cd15db324902317a630b853' class='mc-main mcjs listjs gridjs minijs ajaxjs light calendar month mc-948a6a8e8cd15db324902317a630b853 has-modal is-main-view' ><h2 id=\"mc_head_mc-948a6a8e8cd15db324902317a630b853\" class=\"heading my-calendar-month\"><span>Eventos em Abril 2026<\/span><\/h2>\n\n<nav class=\"my-calendar-navigation\" aria-label=\"Calendar (top)\">\n<div class=\"my-calendar-header\"><div class='mc-format'>\r\n\t\t<ul><li><button type='button' id='mc_grid-mc-948a6a8e8cd15db324902317a630b853' data-href='https:\/\/novo.esocvp.org\/index.php\/tas-rec-recertificacao-de-tripulante-de-ambulancia-de-socorro\/?format=calendar' aria-pressed=\"true\" class='mc-navigation-button mc-grid-option mc-active'><span class='mc-icon' aria-hidden='true'><\/span><span class=\"maybe-hide\">Ver como<\/span>Grid<\/button><\/li><li><button type='button' id='mc_list-mc-948a6a8e8cd15db324902317a630b853' data-href='https:\/\/novo.esocvp.org\/index.php\/tas-rec-recertificacao-de-tripulante-de-ambulancia-de-socorro\/?format=list'  class='mc-navigation-button mc-list-option'><span class='mc-icon' aria-hidden='true'><\/span><span class=\"maybe-hide\">Ver como <\/span>Lista<\/button><\/li><\/ul>\r\n\t\t<\/div><div class='mc-time'><ul><li><button type='button' id='mc_month-mc-948a6a8e8cd15db324902317a630b853' data-href='https:\/\/novo.esocvp.org\/index.php\/tas-rec-recertificacao-de-tripulante-de-ambulancia-de-socorro\/?cid=mc-948a6a8e8cd15db324902317a630b853&#038;time=month' class='mc-navigation-button month mc-active' aria-pressed='true'>M\u00eas<\/button><\/li><li><button type='button' id='mc_week-mc-948a6a8e8cd15db324902317a630b853' data-href='https:\/\/novo.esocvp.org\/index.php\/tas-rec-recertificacao-de-tripulante-de-ambulancia-de-socorro\/?cid=mc-948a6a8e8cd15db324902317a630b853&#038;dy=13&#038;month=4&#038;time=week&#038;yr=2026' class='mc-navigation-button week'>Semana<\/button><\/li><li><button type='button' id='mc_day-mc-948a6a8e8cd15db324902317a630b853' data-href='https:\/\/novo.esocvp.org\/index.php\/tas-rec-recertificacao-de-tripulante-de-ambulancia-de-socorro\/?cid=mc-948a6a8e8cd15db324902317a630b853&#038;dy=13&#038;time=day' class='mc-navigation-button day'>Dia<\/button><li><\/ul><\/div><div class=\"my-calendar-date-switcher\"><form class=\"mc-date-switcher\" action=\"https:\/\/novo.esocvp.org\/index.php\/wp-json\/wp\/v2\/pages\/1024\/\" method=\"get\"><div><input type=\"hidden\" name=\"cid\" value=\"mc-948a6a8e8cd15db324902317a630b853\" \/> <label class=\"maybe-hide\" for=\"mc-948a6a8e8cd15db324902317a630b853-month\">M\u00eas<\/label> <select id=\"mc-948a6a8e8cd15db324902317a630b853-month\" name=\"month\">\n<option value='1'>Janeiro<\/option>\n<option value='2'>Fevereiro<\/option>\n<option value='3'>Mar\u00e7o<\/option>\n<option value='4' selected='selected'>Abril<\/option>\n<option value='5'>Maio<\/option>\n<option value='6'>Junho<\/option>\n<option value='7'>Julho<\/option>\n<option value='8'>Agosto<\/option>\n<option value='9'>Setembro<\/option>\n<option value='10'>Outubro<\/option>\n<option value='11'>Novembro<\/option>\n<option value='12'>Dezembro<\/option>\n<\/select>\n <label class=\"maybe-hide\" for=\"mc-948a6a8e8cd15db324902317a630b853-year\">Ano<\/label> <select id=\"mc-948a6a8e8cd15db324902317a630b853-year\" name=\"yr\">\n<option value=\"2025\">2025<\/option>\n<option value=\"2026\" selected='selected'>2026<\/option>\n<\/select> <input type=\"submit\" class=\"button\" id=\"mc-948a6a8e8cd15db324902317a630b853-button\" value=\"Ir\" \/><\/div><\/form><\/div>\r\n\t\t<div class=\"my-calendar-nav\">\r\n\t\t\t<ul>\r\n\t\t\t\t<li class=\"my-calendar-prev\"><button type=\"button\" class=\"mc-navigation-button\" id=\"mc_previous_mc-948a6a8e8cd15db324902317a630b853\" data-href=\"https:\/\/novo.esocvp.org\/index.php\/tas-rec-recertificacao-de-tripulante-de-ambulancia-de-socorro\/?cid=mc-948a6a8e8cd15db324902317a630b853&#038;dy&#038;month=3&#038;time=month&#038;yr=2026\"><span class=\"mc-icon\" aria-hidden=\"true\"><\/span><span class=\"maybe-hide\">Anterior <\/span><\/button><\/li><li class=\"my-calendar-today\"><button type=\"button\" id=\"mc_today_mc-948a6a8e8cd15db324902317a630b853\" data-href=\"https:\/\/novo.esocvp.org\/index.php\/tas-rec-recertificacao-de-tripulante-de-ambulancia-de-socorro\/?cid=mc-948a6a8e8cd15db324902317a630b853\" class=\"mc-navigation-button today mc-active\" aria-current=\"true\"><span class=\"mc-icon\" aria-hidden=\"true\"><\/span>Hoje<\/button><\/li><li class=\"my-calendar-next\"><button type=\"button\" class=\"mc-navigation-button\" id=\"mc_next_mc-948a6a8e8cd15db324902317a630b853\" data-href=\"https:\/\/novo.esocvp.org\/index.php\/tas-rec-recertificacao-de-tripulante-de-ambulancia-de-socorro\/?cid=mc-948a6a8e8cd15db324902317a630b853&#038;dy&#038;month=5&#038;time=month&#038;yr=2026\"><span class=\"maybe-hide\">Pr\u00f3ximo <\/span><span class=\"mc-icon\" aria-hidden=\"true\"><\/span><\/button><\/li>\r\n\t\t\t<\/ul>\r\n\t\t<\/div><\/div>\n<\/nav>\n<div class=\"mc-content\">\n<table class='my-calendar-table' aria-labelledby='mc_head_mc-948a6a8e8cd15db324902317a630b853'>\n<thead>\n\t<tr class='mc-row'>\n\t\t<th scope=\"col\" class='day-heading mon'><abbr title=\"Segunda-feira\" aria-hidden=\"true\">Seg<\/abbr><span class=\"screen-reader-text\">Segunda-feira<\/span><\/th>\n\n\t\t<th scope=\"col\" class='day-heading tues'><abbr title=\"Ter\u00e7a-feira\" aria-hidden=\"true\">Ter<\/abbr><span class=\"screen-reader-text\">Ter\u00e7a-feira<\/span><\/th>\n\n\t\t<th scope=\"col\" class='day-heading wed'><abbr title=\"Quarta-feira\" aria-hidden=\"true\">Qua<\/abbr><span class=\"screen-reader-text\">Quarta-feira<\/span><\/th>\n\n\t\t<th scope=\"col\" class='day-heading thur'><abbr title=\"Quinta-feira\" aria-hidden=\"true\">Qui<\/abbr><span class=\"screen-reader-text\">Quinta-feira<\/span><\/th>\n\n\t\t<th scope=\"col\" class='day-heading fri'><abbr title=\"Sexta-feira\" aria-hidden=\"true\">Sex<\/abbr><span class=\"screen-reader-text\">Sexta-feira<\/span><\/th>\n\n\t\t<th scope=\"col\" class='weekend-heading sat'><abbr title=\"S\u00e1bado\" aria-hidden=\"true\">S\u00e1b<\/abbr><span class=\"screen-reader-text\">S\u00e1bado<\/span><\/th>\n\n\t\t<th scope=\"col\" class='weekend-heading sun'><abbr title=\"Domingo\" aria-hidden=\"true\">Dom<\/abbr><span class=\"screen-reader-text\">Domingo<\/span><\/th>\n\t<\/tr>\n<\/thead>\n<tbody>\n<tr class='mc-row'><td class='no-events segunda-feira seg past-day past-date  nextmonth no-events day-with-date'><div class='mc-date-container'><span class='mc-date no-events'><span aria-hidden='true'>30<\/span><span class='screen-reader-text'>30 de Mar\u00e7o, 2026<\/span><\/span><\/div>\n<\/td>\n<td class='no-events tera-feira ter past-day past-date  nextmonth no-events day-with-date'><div class='mc-date-container'><span class='mc-date no-events'><span aria-hidden='true'>31<\/span><span class='screen-reader-text'>31 de Mar\u00e7o, 2026<\/span><\/span><\/div>\n<\/td>\n<td class='no-events quarta-feira qua past-day past-date   no-events day-with-date'><div class='mc-date-container'><span class='mc-date no-events'><span aria-hidden='true'>1<\/span><span class='screen-reader-text'>1 de Abril, 2026<\/span><\/span><\/div>\n<\/td>\n<td class='no-events quinta-feira qui past-day past-date   no-events day-with-date'><div class='mc-date-container'><span class='mc-date no-events'><span aria-hidden='true'>2<\/span><span class='screen-reader-text'>2 de Abril, 2026<\/span><\/span><\/div>\n<\/td>\n<td class='no-events sexta-feira sex past-day past-date   no-events day-with-date'><div class='mc-date-container'><span class='mc-date no-events'><span aria-hidden='true'>3<\/span><span class='screen-reader-text'>3 de Abril, 2026<\/span><\/span><\/div>\n<\/td>\n<td class='no-events sbado sb past-day past-date weekend  no-events day-with-date'><div class='mc-date-container'><span class='mc-date no-events'><span aria-hidden='true'>4<\/span><span class='screen-reader-text'>4 de Abril, 2026<\/span><\/span><\/div>\n<\/td>\n<td class='no-events domingo dom past-day past-date weekend  no-events day-with-date'><div class='mc-date-container'><span class='mc-date no-events'><span aria-hidden='true'>5<\/span><span class='screen-reader-text'>5 de Abril, 2026<\/span><\/span><\/div>\n<\/td>\n<\/tr>\n<!-- End Event Row -->\n<tr class='mc-row'><td class='no-events segunda-feira seg past-day past-date   no-events day-with-date'><div class='mc-date-container'><span class='mc-date no-events'><span aria-hidden='true'>6<\/span><span class='screen-reader-text'>6 de Abril, 2026<\/span><\/span><\/div>\n<\/td>\n<td class='no-events tera-feira ter past-day past-date   no-events day-with-date'><div class='mc-date-container'><span class='mc-date no-events'><span aria-hidden='true'>7<\/span><span class='screen-reader-text'>7 de Abril, 2026<\/span><\/span><\/div>\n<\/td>\n<td class='no-events quarta-feira qua past-day past-date   no-events day-with-date'><div class='mc-date-container'><span class='mc-date no-events'><span aria-hidden='true'>8<\/span><span class='screen-reader-text'>8 de Abril, 2026<\/span><\/span><\/div>\n<\/td>\n<td class='no-events quinta-feira qui past-day past-date   no-events day-with-date'><div class='mc-date-container'><span class='mc-date no-events'><span aria-hidden='true'>9<\/span><span class='screen-reader-text'>9 de Abril, 2026<\/span><\/span><\/div>\n<\/td>\n<td class='no-events sexta-feira sex past-day past-date   no-events day-with-date'><div class='mc-date-container'><span class='mc-date no-events'><span aria-hidden='true'>10<\/span><span class='screen-reader-text'>10 de Abril, 2026<\/span><\/span><\/div>\n<\/td>\n<td class='no-events sbado sb past-day past-date weekend  no-events day-with-date'><div class='mc-date-container'><span class='mc-date no-events'><span aria-hidden='true'>11<\/span><span class='screen-reader-text'>11 de Abril, 2026<\/span><\/span><\/div>\n<\/td>\n<td class='no-events domingo dom past-day past-date weekend  no-events day-with-date'><div class='mc-date-container'><span class='mc-date no-events'><span aria-hidden='true'>12<\/span><span class='screen-reader-text'>12 de Abril, 2026<\/span><\/span><\/div>\n<\/td>\n<\/tr>\n<!-- End Event Row -->\n<tr class='mc-row'><td class='no-events segunda-feira seg past-day past-date   no-events day-with-date'><div class='mc-date-container'><span class='mc-date no-events'><span aria-hidden='true'>13<\/span><span class='screen-reader-text'>13 de Abril, 2026<\/span><\/span><\/div>\n<\/td>\n<td class='no-events tera-feira ter past-day past-date   no-events day-with-date'><div class='mc-date-container'><span class='mc-date no-events'><span aria-hidden='true'>14<\/span><span class='screen-reader-text'>14 de Abril, 2026<\/span><\/span><\/div>\n<\/td>\n<td class='no-events quarta-feira qua past-day past-date   no-events day-with-date'><div class='mc-date-container'><span class='mc-date no-events'><span aria-hidden='true'>15<\/span><span class='screen-reader-text'>15 de Abril, 2026<\/span><\/span><\/div>\n<\/td>\n<td aria-current=\"date\" class='no-events quinta-feira qui current-day   no-events day-with-date'><div class='mc-date-container'><span class='mc-date no-events'><span aria-hidden='true'>16<\/span><span class='screen-reader-text'>16 de Abril, 2026<\/span><\/span><\/div>\n<\/td>\n<td class='no-events sexta-feira sex future-day   no-events day-with-date'><div class='mc-date-container'><span class='mc-date no-events'><span aria-hidden='true'>17<\/span><span class='screen-reader-text'>17 de Abril, 2026<\/span><\/span><\/div>\n<\/td>\n<td class='no-events sbado sb future-day weekend  no-events day-with-date'><div class='mc-date-container'><span class='mc-date no-events'><span aria-hidden='true'>18<\/span><span class='screen-reader-text'>18 de Abril, 2026<\/span><\/span><\/div>\n<\/td>\n<td class='no-events domingo dom future-day weekend  no-events day-with-date'><div class='mc-date-container'><span class='mc-date no-events'><span aria-hidden='true'>19<\/span><span class='screen-reader-text'>19 de Abril, 2026<\/span><\/span><\/div>\n<\/td>\n<\/tr>\n<!-- End Event Row -->\n<tr class='mc-row'><td class='no-events segunda-feira seg future-day   no-events day-with-date'><div class='mc-date-container'><span class='mc-date no-events'><span aria-hidden='true'>20<\/span><span class='screen-reader-text'>20 de Abril, 2026<\/span><\/span><\/div>\n<\/td>\n<td class='no-events tera-feira ter future-day   no-events day-with-date'><div class='mc-date-container'><span class='mc-date no-events'><span aria-hidden='true'>21<\/span><span class='screen-reader-text'>21 de Abril, 2026<\/span><\/span><\/div>\n<\/td>\n<td class='no-events quarta-feira qua future-day   no-events day-with-date'><div class='mc-date-container'><span class='mc-date no-events'><span aria-hidden='true'>22<\/span><span class='screen-reader-text'>22 de Abril, 2026<\/span><\/span><\/div>\n<\/td>\n<td class='no-events quinta-feira qui future-day   no-events day-with-date'><div class='mc-date-container'><span class='mc-date no-events'><span aria-hidden='true'>23<\/span><span class='screen-reader-text'>23 de Abril, 2026<\/span><\/span><\/div>\n<\/td>\n<td class='no-events sexta-feira sex future-day   no-events day-with-date'><div class='mc-date-container'><span class='mc-date no-events'><span aria-hidden='true'>24<\/span><span class='screen-reader-text'>24 de Abril, 2026<\/span><\/span><\/div>\n<\/td>\n<td class='no-events sbado sb future-day weekend  no-events day-with-date'><div class='mc-date-container'><span class='mc-date no-events'><span aria-hidden='true'>25<\/span><span class='screen-reader-text'>25 de Abril, 2026<\/span><\/span><\/div>\n<\/td>\n<td class='no-events domingo dom future-day weekend  no-events day-with-date'><div class='mc-date-container'><span class='mc-date no-events'><span aria-hidden='true'>26<\/span><span class='screen-reader-text'>26 de Abril, 2026<\/span><\/span><\/div>\n<\/td>\n<\/tr>\n<!-- End Event Row -->\n<tr class='mc-row'><td class='no-events segunda-feira seg future-day   no-events day-with-date'><div class='mc-date-container'><span class='mc-date no-events'><span aria-hidden='true'>27<\/span><span class='screen-reader-text'>27 de Abril, 2026<\/span><\/span><\/div>\n<\/td>\n<td class='no-events tera-feira ter future-day   no-events day-with-date'><div class='mc-date-container'><span class='mc-date no-events'><span aria-hidden='true'>28<\/span><span class='screen-reader-text'>28 de Abril, 2026<\/span><\/span><\/div>\n<\/td>\n<td class='no-events quarta-feira qua future-day   no-events day-with-date'><div class='mc-date-container'><span class='mc-date no-events'><span aria-hidden='true'>29<\/span><span class='screen-reader-text'>29 de Abril, 2026<\/span><\/span><\/div>\n<\/td>\n<td class='no-events quinta-feira qui future-day   no-events day-with-date'><div class='mc-date-container'><span class='mc-date no-events'><span aria-hidden='true'>30<\/span><span class='screen-reader-text'>30 de Abril, 2026<\/span><\/span><\/div>\n<\/td>\n<td class='no-events sexta-feira sex future-day  nextmonth no-events day-with-date'><div class='mc-date-container'><span class='mc-date no-events'><span aria-hidden='true'>1<\/span><span class='screen-reader-text'>1 de Maio, 2026<\/span><\/span><\/div>\n<\/td>\n<td class='no-events sbado sb future-day weekend nextmonth no-events day-with-date'><div class='mc-date-container'><span class='mc-date no-events'><span aria-hidden='true'>2<\/span><span class='screen-reader-text'>2 de Maio, 2026<\/span><\/span><\/div>\n<\/td>\n<td class='no-events domingo dom future-day weekend nextmonth no-events day-with-date'><div class='mc-date-container'><span class='mc-date no-events'><span aria-hidden='true'>3<\/span><span class='screen-reader-text'>3 de Maio, 2026<\/span><\/span><\/div>\n<\/td>\n<\/tr>\n<!-- End Event Row -->\n\n<\/tbody>\n<\/table><\/div><!-- .mc-content -->\n<nav class=\"my-calendar-navigation\" aria-label=\"Calendar (bottom)\">\n<div class=\"mc_bottomnav my-calendar-footer\"><div class=\"category-key has-icons\"><h3 class=\"maybe-hide\">Categorias<\/h3>\n<ul>\n<li class=\"cat_tasrec\"><button type=\"button\" class=\"mc-navigation-button\" id=\"mc_cat_17-mc-948a6a8e8cd15db324902317a630b853\" data-href=\"https:\/\/novo.esocvp.org\/index.php\/tas-rec-recertificacao-de-tripulante-de-ambulancia-de-socorro\/?mcat=17\" ><span class=\"category-color-sample svg\" style=\"background:#320a87;\"><svg style=\"fill:#ffffff\" focusable=\"false\" role=\"img\" aria-labelledby=\"cat_17\" class=\"category-icon\" xmlns=\"http:\/\/www.w3.org\/2000\/svg\" viewBox=\"0 0 640 512\"><!-- Font Awesome Free 5.15.3 by @fontawesome - https:\/\/fontawesome.com License - https:\/\/fontawesome.com\/license\/free (Icons: CC BY 4.0, Fonts: SIL OFL 1.1, Code: MIT License) --><title id='cat_17'>TAS\\\\REC<\/title><path d=\"M624 352h-16V243.9c0-12.7-5.1-24.9-14.1-33.9L494 110.1c-9-9-21.2-14.1-33.9-14.1H416V48c0-26.5-21.5-48-48-48H48C21.5 0 0 21.5 0 48v320c0 26.5 21.5 48 48 48h16c0 53 43 96 96 96s96-43 96-96h128c0 53 43 96 96 96s96-43 96-96h48c8.8 0 16-7.2 16-16v-32c0-8.8-7.2-16-16-16zM160 464c-26.5 0-48-21.5-48-48s21.5-48 48-48 48 21.5 48 48-21.5 48-48 48zm144-248c0 4.4-3.6 8-8 8h-56v56c0 4.4-3.6 8-8 8h-48c-4.4 0-8-3.6-8-8v-56h-56c-4.4 0-8-3.6-8-8v-48c0-4.4 3.6-8 8-8h56v-56c0-4.4 3.6-8 8-8h48c4.4 0 8 3.6 8 8v56h56c4.4 0 8 3.6 8 8v48zm176 248c-26.5 0-48-21.5-48-48s21.5-48 48-48 48 21.5 48 48-21.5 48-48 48zm80-208H416V144h44.1l99.9 99.9V256z\"\/><\/svg><\/span>TAS\\REC<\/button><\/li><li class='all-categories'><span class='mc-active' id='mc_cat_all-mc-948a6a8e8cd15db324902317a630b853' tabindex='-1'>Todas as categorias<\/span><\/li><\/ul><\/div><div class='mc-print'><a id='mc_print-mc-948a6a8e8cd15db324902317a630b853' href='https:\/\/novo.esocvp.org?cid=mc-print-view&#038;dy=1&#038;href=https%3A%2F%2Fnovo.esocvp.org%2Findex.php%2Fwp-json%2Fwp%2Fv2%2Fpages%2F1024%2F&#038;mcat=17&#038;month=4&#038;time=month&#038;yr=2026' rel='nofollow'><span class='mc-icon' aria-hidden='true'><\/span>Print<span class=\"maybe-hide\"> View<\/span><\/a><\/div><\/div>\n<\/nav>\n\r\n<\/div><!-- Close Main My Calendar Wrapper -->\n<\/div>\n<\/div>\n","protected":false},"excerpt":{"rendered":"<p>Dura\u00e7\u00e3o: 35 horas Objetivo: Esta a\u00e7\u00e3o pretende actualizar e aperfei\u00e7oar os conhecimentos adquiridos, a fim de manter ativa a compet\u00eancia de Tripulante de Ambul\u00e2ncia de Socorro e dando cumprimento ao estabelecido no regulamento de transporte de doentes, aprovado pela Portaria n? 260\/2014 de 15 de dezembro. Nesse sentido, os cursos RTAS, t\u00eam como objetivo geral [&hellip;]<\/p>\n","protected":false},"author":1,"featured_media":0,"parent":0,"menu_order":0,"comment_status":"closed","ping_status":"closed","template":"wp-custom-template-curso-tas-rec","meta":{"_mc_calendar":[],"footnotes":""},"class_list":["post-1024","page","type-page","status-publish","hentry"],"_links":{"self":[{"href":"https:\/\/novo.esocvp.org\/index.php\/wp-json\/wp\/v2\/pages\/1024","targetHints":{"allow":["GET"]}}],"collection":[{"href":"https:\/\/novo.esocvp.org\/index.php\/wp-json\/wp\/v2\/pages"}],"about":[{"href":"https:\/\/novo.esocvp.org\/index.php\/wp-json\/wp\/v2\/types\/page"}],"author":[{"embeddable":true,"href":"https:\/\/novo.esocvp.org\/index.php\/wp-json\/wp\/v2\/users\/1"}],"replies":[{"embeddable":true,"href":"https:\/\/novo.esocvp.org\/index.php\/wp-json\/wp\/v2\/comments?post=1024"}],"version-history":[{"count":9,"href":"https:\/\/novo.esocvp.org\/index.php\/wp-json\/wp\/v2\/pages\/1024\/revisions"}],"predecessor-version":[{"id":1240,"href":"https:\/\/novo.esocvp.org\/index.php\/wp-json\/wp\/v2\/pages\/1024\/revisions\/1240"}],"wp:attachment":[{"href":"https:\/\/novo.esocvp.org\/index.php\/wp-json\/wp\/v2\/media?parent=1024"}],"curies":[{"name":"wp","href":"https:\/\/api.w.org\/{rel}","templated":true}]}}