{"id":462,"date":"2025-08-07T10:35:38","date_gmt":"2025-08-07T09:35:38","guid":{"rendered":"https:\/\/novo.esocvp.org\/?page_id=462"},"modified":"2026-02-24T15:37:49","modified_gmt":"2026-02-24T15:37:49","slug":"tsp-tecnico-socorrista-de-proximidade","status":"publish","type":"page","link":"https:\/\/novo.esocvp.org\/index.php\/tsp-tecnico-socorrista-de-proximidade\/","title":{"rendered":"TSP &#8211; T\u00e9cnico Socorrista de Proximidade"},"content":{"rendered":"\n<div class=\"wp-block-columns is-layout-flex wp-container-core-columns-is-layout-28f84493 wp-block-columns-is-layout-flex\">\n<div class=\"wp-block-column is-layout-flow wp-block-column-is-layout-flow\" style=\"flex-basis:33.33%\">\n<p class=\"has-text-align-left has-background-color has-text-color has-link-color has-extra-small-font-size wp-elements-e12b199261e7f801f3b3f752c4216e27\"><strong>Dura\u00e7\u00e3o \/ N\u00famero de formandos:<\/strong><\/p>\n\n\n\n<p class=\"has-text-align-center has-extra-small-font-size\" style=\"line-height:1\">31 horas \/ 12 formandos<\/p>\n\n\n\n<p class=\"has-background-color has-text-color has-link-color has-extra-small-font-size wp-elements-fa364deb1c3a15d7dbf1a5252b8ae5d1\"><strong>Objetivo:<\/strong><\/p>\n\n\n\n<p class=\"has-extra-small-font-size\">Esta ac\u00e7\u00e3o pretende formar socorristas afectos \u00e0s Delega\u00e7\u00f5es Locais da CVP ou a institui\u00e7\u00f5es com especiais responsabilidades na comunidade na \u00e1rea da prote\u00e7\u00e3o civil, cuja atividade potencial ou uma das vertentes de funcionamento seja a possibilidade da ocorr\u00eancia de situa\u00e7\u00f5es de doen\u00e7a s\u00fabita ou de v\u00edtimas de acidente, sem preju\u00edzo da atua\u00e7\u00e3o das equipas de interven\u00e7\u00e3o integradas no SIEM.<\/p>\n\n\n\n<p><\/p>\n\n\n\n<p class=\"has-background-color has-text-color has-link-color has-extra-small-font-size wp-elements-3d332c08458c171441a57fcd79605fae\"><strong>Destinat\u00e1rios:<\/strong><\/p>\n\n\n\n<p class=\"has-extra-small-font-size\">Elementos da comunidade que colaborem com as Delega\u00e7\u00f5es Locais da Cruz Vermelha ou Juntas de Freguesia, C\u00e2maras Municipais, Casas do Povo, Associa\u00e7\u00f5es Culturais, Recreativas, de cariz social, desportivo ou de outra \u00edndole, onde seja pertinente existir um grupo de t\u00e9cnicos com alguma diferencia\u00e7\u00e3o na \u00e1rea dos primeiros socorros. Dom\u00ednio da l\u00edngua portuguesa e idade m\u00ednima de 16 anos.<\/p>\n\n\n\n<p><\/p>\n\n\n\n<p class=\"has-background-color has-text-color has-link-color has-extra-small-font-size wp-elements-b8df2f1d13a0eab3ddc7e890d66f9903\"><strong>Conte\u00fados Program\u00e1ticos:<\/strong><\/p>\n\n\n\n<p class=\"has-extra-small-font-size\">Abordagem \u00e0 Emerg\u00eancia; Sistema Integrado de Emerg\u00eancia M\u00e9dica; Comportamentos de sobreviv\u00eancia; Hemorragias; Intoxica\u00e7\u00f5es; Traumatismos; Dificuldade Respirat\u00f3ria; Perda de consci\u00eancia; Alcoolismo Agudo; Dor tor\u00e1cica; Acidente Vascular Cerebral; Altera\u00e7\u00f5es de glicemia; Convuls\u00f5es\/epilepsia; Emerg\u00eancias obst\u00e9tricas; Efeitos do ambiente; Remo\u00e7\u00e3o de emerg\u00eancia; Sinistro m\u00faltiplo; Prepara\u00e7\u00e3o e preven\u00e7\u00e3o.<\/p>\n\n\n\n<p><\/p>\n\n\n\n<p class=\"has-background-color has-text-color has-link-color has-extra-small-font-size wp-elements-2b64c604ab55b24498cac38fcea49a19\"><strong>Inclui:<\/strong><\/p>\n\n\n\n<ul class=\"wp-block-list\">\n<li class=\"has-extra-small-font-size\">Certificado digital e cart\u00e3o emitido aos formandos aprovados, v\u00e1lido por 5 anos;<\/li>\n\n\n\n<li class=\"has-extra-small-font-size\">Manual digital disponibilizado aos formandos inscritos;<\/li>\n\n\n\n<li class=\"has-extra-small-font-size\">Certificado SBV\/DAE;<\/li>\n\n\n\n<li class=\"has-extra-small-font-size\">Manual SBV\/DAE disponibilizado atrav\u00e9s de inscri\u00e7\u00e3o na plataforma APRENDER &#8211; <a href=\"https:\/\/aprender.inem.pt\/login\/index.php\">https:\/\/aprender.inem.pt\/login\/index.php<\/a><\/li>\n<\/ul>\n\n\n\n<p><\/p>\n\n\n\n<p class=\"has-background-color has-text-color has-link-color has-extra-small-font-size wp-elements-49cb3e8a2bfb2e691ad694b789c1230a\"><strong>Informa\u00e7\u00f5es:<\/strong><\/p>\n\n\n\n<ul class=\"wp-block-list\">\n<li class=\"has-extra-small-font-size\">Limite de faltas de 3 horas, no SBV\/DAE n\u00e3o s\u00e3o permitidas faltas;<\/li>\n\n\n\n<li class=\"has-extra-small-font-size\">Utiliza\u00e7\u00e3o de vestu\u00e1rio confort\u00e1vel e cal\u00e7ado pr\u00e1tico;<\/li>\n\n\n\n<li class=\"has-extra-small-font-size\">Apresenta\u00e7\u00e3o do documento de identifica\u00e7\u00e3o no primeiro dia.<\/li>\n<\/ul>\n\n\n\n<p><\/p>\n\n\n\n<p class=\"has-extra-small-font-size\"><\/p>\n<\/div>\n\n\n\n<div class=\"wp-block-column is-layout-flow wp-block-column-is-layout-flow\" style=\"flex-basis:66.66%\">\n<div class=\"wp-block-columns is-layout-flex wp-container-core-columns-is-layout-28f84493 wp-block-columns-is-layout-flex\">\n<div class=\"wp-block-column is-layout-flow wp-block-column-is-layout-flow\" style=\"flex-basis:66.66%\">\n<h5 class=\"wp-block-heading has-background-color has-text-color has-link-color has-extra-small-font-size wp-elements-5fc7681d99646632d8b865bb54ce0dd2\"><strong>Pre\u00e7\u00e1rio:<\/strong><\/h5>\n\n\n\n<p class=\"has-heading-color has-text-color has-link-color has-extra-small-font-size wp-elements-ba3f4bd9f1c7c76611ccdf0d7b4988fc\"><strong>Inscri\u00e7\u00e3o individual:<\/strong> 190,00 \u20ac &#8211; contacte <a href=\"mailto:eso.geral@esocvp.org\">eso.geral@esocvp.org<\/a><\/p>\n\n\n\n<p class=\"has-heading-color has-text-color has-link-color has-extra-small-font-size wp-elements-ec3510f1cb972a32a202f64b2aa2018c\"><strong>Entidades:<\/strong> Sob consulta \u2013 contacte&nbsp;<a href=\"mailto:eso.planeamento1@esocvp.org\">eso.planeamento1@esocvp.org<\/a><\/p>\n<\/div>\n\n\n\n<div class=\"wp-block-column is-layout-flow wp-block-column-is-layout-flow\" style=\"flex-basis:33.33%\">\n<div class=\"wp-block-buttons is-layout-flex wp-block-buttons-is-layout-flex\">\n<div class=\"wp-block-button has-custom-width wp-block-button__width-100\"><a class=\"wp-block-button__link wp-element-button\" href=\"https:\/\/docs.google.com\/forms\/d\/e\/1FAIpQLSewk_MjpbB18bYKqOxF4cLaiVnY0zKXlqGxsRCtvAstDVXr8g\/viewform\" style=\"padding-top:var(--wp--preset--spacing--40);padding-right:0;padding-bottom:var(--wp--preset--spacing--40);padding-left:0\"><strong>Formul\u00e1rio Pr\u00e9-Inscri\u00e7\u00e3o<\/strong><\/a><\/div>\n<\/div>\n<\/div>\n<\/div>\n\n\n\n<p><\/p>\n\n\n\n<p class=\"has-text-align-center has-white-color has-cyan-bluish-gray-background-color has-text-color has-background has-link-color wp-elements-80d5a782b8444e1b3a3b9fd0ed0c7d7a\" style=\"padding-top:var(--wp--preset--spacing--20);padding-right:0;padding-bottom:var(--wp--preset--spacing--20);padding-left:0\"><strong>Forma\u00e7\u00e3o TSP agendada, nos dias abaixo assinalados<\/strong><\/p>\n\n\n\n<p><\/p>\n\n\n\n\r\n<div id='mc-948a6a8e8cd15db324902317a630b853' class='mc-main mcjs listjs gridjs minijs ajaxjs light calendar month mc-948a6a8e8cd15db324902317a630b853 has-modal is-main-view' ><h2 id=\"mc_head_mc-948a6a8e8cd15db324902317a630b853\" class=\"heading my-calendar-month\"><span>Eventos em Abril 2026<\/span><\/h2>\n\n<nav class=\"my-calendar-navigation\" aria-label=\"Calendar (top)\">\n<div class=\"my-calendar-header\"><div class='mc-format'>\r\n\t\t<ul><li><button type='button' id='mc_grid-mc-948a6a8e8cd15db324902317a630b853' data-href='https:\/\/novo.esocvp.org\/index.php\/tsp-tecnico-socorrista-de-proximidade\/?format=calendar' aria-pressed=\"true\" class='mc-navigation-button mc-grid-option mc-active'><span class='mc-icon' aria-hidden='true'><\/span><span class=\"maybe-hide\">Ver como<\/span>Grid<\/button><\/li><li><button type='button' id='mc_list-mc-948a6a8e8cd15db324902317a630b853' data-href='https:\/\/novo.esocvp.org\/index.php\/tsp-tecnico-socorrista-de-proximidade\/?format=list'  class='mc-navigation-button mc-list-option'><span class='mc-icon' aria-hidden='true'><\/span><span class=\"maybe-hide\">Ver como <\/span>Lista<\/button><\/li><\/ul>\r\n\t\t<\/div><div class='mc-time'><ul><li><button type='button' id='mc_month-mc-948a6a8e8cd15db324902317a630b853' data-href='https:\/\/novo.esocvp.org\/index.php\/tsp-tecnico-socorrista-de-proximidade\/?cid=mc-948a6a8e8cd15db324902317a630b853&#038;time=month' class='mc-navigation-button month mc-active' aria-pressed='true'>M\u00eas<\/button><\/li><li><button type='button' id='mc_week-mc-948a6a8e8cd15db324902317a630b853' data-href='https:\/\/novo.esocvp.org\/index.php\/tsp-tecnico-socorrista-de-proximidade\/?cid=mc-948a6a8e8cd15db324902317a630b853&#038;dy=13&#038;month=4&#038;time=week&#038;yr=2026' class='mc-navigation-button week'>Semana<\/button><\/li><li><button type='button' id='mc_day-mc-948a6a8e8cd15db324902317a630b853' data-href='https:\/\/novo.esocvp.org\/index.php\/tsp-tecnico-socorrista-de-proximidade\/?cid=mc-948a6a8e8cd15db324902317a630b853&#038;dy=13&#038;time=day' class='mc-navigation-button day'>Dia<\/button><li><\/ul><\/div><div class=\"my-calendar-date-switcher\"><form class=\"mc-date-switcher\" action=\"https:\/\/novo.esocvp.org\/index.php\/wp-json\/wp\/v2\/pages\/462\/\" method=\"get\"><div><input type=\"hidden\" name=\"cid\" value=\"mc-948a6a8e8cd15db324902317a630b853\" \/> <label class=\"maybe-hide\" for=\"mc-948a6a8e8cd15db324902317a630b853-month\">M\u00eas<\/label> <select id=\"mc-948a6a8e8cd15db324902317a630b853-month\" name=\"month\">\n<option value='1'>Janeiro<\/option>\n<option value='2'>Fevereiro<\/option>\n<option value='3'>Mar\u00e7o<\/option>\n<option value='4' selected='selected'>Abril<\/option>\n<option value='5'>Maio<\/option>\n<option value='6'>Junho<\/option>\n<option value='7'>Julho<\/option>\n<option value='8'>Agosto<\/option>\n<option value='9'>Setembro<\/option>\n<option value='10'>Outubro<\/option>\n<option value='11'>Novembro<\/option>\n<option value='12'>Dezembro<\/option>\n<\/select>\n <label class=\"maybe-hide\" for=\"mc-948a6a8e8cd15db324902317a630b853-year\">Ano<\/label> <select id=\"mc-948a6a8e8cd15db324902317a630b853-year\" name=\"yr\">\n<option value=\"2025\">2025<\/option>\n<option value=\"2026\" selected='selected'>2026<\/option>\n<\/select> <input type=\"submit\" class=\"button\" id=\"mc-948a6a8e8cd15db324902317a630b853-button\" value=\"Ir\" \/><\/div><\/form><\/div>\r\n\t\t<div class=\"my-calendar-nav\">\r\n\t\t\t<ul>\r\n\t\t\t\t<li class=\"my-calendar-prev\"><button type=\"button\" class=\"mc-navigation-button\" id=\"mc_previous_mc-948a6a8e8cd15db324902317a630b853\" data-href=\"https:\/\/novo.esocvp.org\/index.php\/tsp-tecnico-socorrista-de-proximidade\/?cid=mc-948a6a8e8cd15db324902317a630b853&#038;dy&#038;month=3&#038;time=month&#038;yr=2026\"><span class=\"mc-icon\" aria-hidden=\"true\"><\/span><span class=\"maybe-hide\">Anterior <\/span><\/button><\/li><li class=\"my-calendar-today\"><button type=\"button\" id=\"mc_today_mc-948a6a8e8cd15db324902317a630b853\" data-href=\"https:\/\/novo.esocvp.org\/index.php\/tsp-tecnico-socorrista-de-proximidade\/?cid=mc-948a6a8e8cd15db324902317a630b853\" class=\"mc-navigation-button today mc-active\" aria-current=\"true\"><span class=\"mc-icon\" aria-hidden=\"true\"><\/span>Hoje<\/button><\/li><li class=\"my-calendar-next\"><button type=\"button\" class=\"mc-navigation-button\" id=\"mc_next_mc-948a6a8e8cd15db324902317a630b853\" data-href=\"https:\/\/novo.esocvp.org\/index.php\/tsp-tecnico-socorrista-de-proximidade\/?cid=mc-948a6a8e8cd15db324902317a630b853&#038;dy&#038;month=5&#038;time=month&#038;yr=2026\"><span class=\"maybe-hide\">Pr\u00f3ximo <\/span><span class=\"mc-icon\" aria-hidden=\"true\"><\/span><\/button><\/li>\r\n\t\t\t<\/ul>\r\n\t\t<\/div><\/div>\n<\/nav>\n<div class=\"mc-content\">\n<table class='my-calendar-table' aria-labelledby='mc_head_mc-948a6a8e8cd15db324902317a630b853'>\n<thead>\n\t<tr class='mc-row'>\n\t\t<th scope=\"col\" class='day-heading mon'><abbr title=\"Segunda-feira\" aria-hidden=\"true\">Seg<\/abbr><span class=\"screen-reader-text\">Segunda-feira<\/span><\/th>\n\n\t\t<th scope=\"col\" class='day-heading tues'><abbr title=\"Ter\u00e7a-feira\" aria-hidden=\"true\">Ter<\/abbr><span class=\"screen-reader-text\">Ter\u00e7a-feira<\/span><\/th>\n\n\t\t<th scope=\"col\" class='day-heading wed'><abbr title=\"Quarta-feira\" aria-hidden=\"true\">Qua<\/abbr><span class=\"screen-reader-text\">Quarta-feira<\/span><\/th>\n\n\t\t<th scope=\"col\" class='day-heading thur'><abbr title=\"Quinta-feira\" aria-hidden=\"true\">Qui<\/abbr><span class=\"screen-reader-text\">Quinta-feira<\/span><\/th>\n\n\t\t<th scope=\"col\" class='day-heading fri'><abbr title=\"Sexta-feira\" aria-hidden=\"true\">Sex<\/abbr><span class=\"screen-reader-text\">Sexta-feira<\/span><\/th>\n\n\t\t<th scope=\"col\" class='weekend-heading sat'><abbr title=\"S\u00e1bado\" aria-hidden=\"true\">S\u00e1b<\/abbr><span class=\"screen-reader-text\">S\u00e1bado<\/span><\/th>\n\n\t\t<th scope=\"col\" class='weekend-heading sun'><abbr title=\"Domingo\" aria-hidden=\"true\">Dom<\/abbr><span class=\"screen-reader-text\">Domingo<\/span><\/th>\n\t<\/tr>\n<\/thead>\n<tbody>\n<tr class='mc-row'><td class='no-events segunda-feira seg past-day past-date  nextmonth no-events day-with-date'><div class='mc-date-container'><span class='mc-date no-events'><span aria-hidden='true'>30<\/span><span class='screen-reader-text'>30 de Mar\u00e7o, 2026<\/span><\/span><\/div>\n<\/td>\n<td class='no-events tera-feira ter past-day past-date  nextmonth no-events day-with-date'><div class='mc-date-container'><span class='mc-date no-events'><span aria-hidden='true'>31<\/span><span class='screen-reader-text'>31 de Mar\u00e7o, 2026<\/span><\/span><\/div>\n<\/td>\n<td class='no-events quarta-feira qua past-day past-date   no-events day-with-date'><div class='mc-date-container'><span class='mc-date no-events'><span aria-hidden='true'>1<\/span><span class='screen-reader-text'>1 de Abril, 2026<\/span><\/span><\/div>\n<\/td>\n<td class='no-events quinta-feira qui past-day past-date   no-events day-with-date'><div class='mc-date-container'><span class='mc-date no-events'><span aria-hidden='true'>2<\/span><span class='screen-reader-text'>2 de Abril, 2026<\/span><\/span><\/div>\n<\/td>\n<td class='no-events sexta-feira sex past-day past-date   no-events day-with-date'><div class='mc-date-container'><span class='mc-date no-events'><span aria-hidden='true'>3<\/span><span class='screen-reader-text'>3 de Abril, 2026<\/span><\/span><\/div>\n<\/td>\n<td class='no-events sbado sb past-day past-date weekend  no-events day-with-date'><div class='mc-date-container'><span class='mc-date no-events'><span aria-hidden='true'>4<\/span><span class='screen-reader-text'>4 de Abril, 2026<\/span><\/span><\/div>\n<\/td>\n<td class='no-events domingo dom past-day past-date weekend  no-events day-with-date'><div class='mc-date-container'><span class='mc-date no-events'><span aria-hidden='true'>5<\/span><span class='screen-reader-text'>5 de Abril, 2026<\/span><\/span><\/div>\n<\/td>\n<\/tr>\n<!-- End Event Row -->\n<tr class='mc-row'><td class='no-events segunda-feira seg past-day past-date   no-events day-with-date'><div class='mc-date-container'><span class='mc-date no-events'><span aria-hidden='true'>6<\/span><span class='screen-reader-text'>6 de Abril, 2026<\/span><\/span><\/div>\n<\/td>\n<td class='no-events tera-feira ter past-day past-date   no-events day-with-date'><div class='mc-date-container'><span class='mc-date no-events'><span aria-hidden='true'>7<\/span><span class='screen-reader-text'>7 de Abril, 2026<\/span><\/span><\/div>\n<\/td>\n<td class='no-events quarta-feira qua past-day past-date   no-events day-with-date'><div class='mc-date-container'><span class='mc-date no-events'><span aria-hidden='true'>8<\/span><span class='screen-reader-text'>8 de Abril, 2026<\/span><\/span><\/div>\n<\/td>\n<td class='no-events quinta-feira qui past-day past-date   no-events day-with-date'><div class='mc-date-container'><span class='mc-date no-events'><span aria-hidden='true'>9<\/span><span class='screen-reader-text'>9 de Abril, 2026<\/span><\/span><\/div>\n<\/td>\n<td class='no-events sexta-feira sex past-day past-date   no-events day-with-date'><div class='mc-date-container'><span class='mc-date no-events'><span aria-hidden='true'>10<\/span><span class='screen-reader-text'>10 de Abril, 2026<\/span><\/span><\/div>\n<\/td>\n<td class='no-events sbado sb past-day past-date weekend  no-events day-with-date'><div class='mc-date-container'><span class='mc-date no-events'><span aria-hidden='true'>11<\/span><span class='screen-reader-text'>11 de Abril, 2026<\/span><\/span><\/div>\n<\/td>\n<td class='no-events domingo dom past-day past-date weekend  no-events day-with-date'><div class='mc-date-container'><span class='mc-date no-events'><span aria-hidden='true'>12<\/span><span class='screen-reader-text'>12 de Abril, 2026<\/span><\/span><\/div>\n<\/td>\n<\/tr>\n<!-- End Event Row -->\n<tr class='mc-row'><td class='no-events segunda-feira seg past-day past-date   no-events day-with-date'><div class='mc-date-container'><span class='mc-date no-events'><span aria-hidden='true'>13<\/span><span class='screen-reader-text'>13 de Abril, 2026<\/span><\/span><\/div>\n<\/td>\n<td class='no-events tera-feira ter past-day past-date   no-events day-with-date'><div class='mc-date-container'><span class='mc-date no-events'><span aria-hidden='true'>14<\/span><span class='screen-reader-text'>14 de Abril, 2026<\/span><\/span><\/div>\n<\/td>\n<td aria-current=\"date\" class='no-events quarta-feira qua current-day   no-events day-with-date'><div class='mc-date-container'><span class='mc-date no-events'><span aria-hidden='true'>15<\/span><span class='screen-reader-text'>15 de Abril, 2026<\/span><\/span><\/div>\n<\/td>\n<td class='no-events quinta-feira qui future-day   no-events day-with-date'><div class='mc-date-container'><span class='mc-date no-events'><span aria-hidden='true'>16<\/span><span class='screen-reader-text'>16 de Abril, 2026<\/span><\/span><\/div>\n<\/td>\n<td class='no-events sexta-feira sex future-day   no-events day-with-date'><div class='mc-date-container'><span class='mc-date no-events'><span aria-hidden='true'>17<\/span><span class='screen-reader-text'>17 de Abril, 2026<\/span><\/span><\/div>\n<\/td>\n<td class='no-events sbado sb future-day weekend  no-events day-with-date'><div class='mc-date-container'><span class='mc-date no-events'><span aria-hidden='true'>18<\/span><span class='screen-reader-text'>18 de Abril, 2026<\/span><\/span><\/div>\n<\/td>\n<td class='no-events domingo dom future-day weekend  no-events day-with-date'><div class='mc-date-container'><span class='mc-date no-events'><span aria-hidden='true'>19<\/span><span class='screen-reader-text'>19 de Abril, 2026<\/span><\/span><\/div>\n<\/td>\n<\/tr>\n<!-- End Event Row -->\n<tr class='mc-row'><td class='no-events segunda-feira seg future-day   no-events day-with-date'><div class='mc-date-container'><span class='mc-date no-events'><span aria-hidden='true'>20<\/span><span class='screen-reader-text'>20 de Abril, 2026<\/span><\/span><\/div>\n<\/td>\n<td class='no-events tera-feira ter future-day   no-events day-with-date'><div class='mc-date-container'><span class='mc-date no-events'><span aria-hidden='true'>21<\/span><span class='screen-reader-text'>21 de Abril, 2026<\/span><\/span><\/div>\n<\/td>\n<td class='no-events quarta-feira qua future-day   no-events day-with-date'><div class='mc-date-container'><span class='mc-date no-events'><span aria-hidden='true'>22<\/span><span class='screen-reader-text'>22 de Abril, 2026<\/span><\/span><\/div>\n<\/td>\n<td class='no-events quinta-feira qui future-day   no-events day-with-date'><div class='mc-date-container'><span class='mc-date no-events'><span aria-hidden='true'>23<\/span><span class='screen-reader-text'>23 de Abril, 2026<\/span><\/span><\/div>\n<\/td>\n<td class='no-events sexta-feira sex future-day   no-events day-with-date'><div class='mc-date-container'><span class='mc-date no-events'><span aria-hidden='true'>24<\/span><span class='screen-reader-text'>24 de Abril, 2026<\/span><\/span><\/div>\n<\/td>\n<td class='no-events sbado sb future-day weekend  no-events day-with-date'><div class='mc-date-container'><span class='mc-date no-events'><span aria-hidden='true'>25<\/span><span class='screen-reader-text'>25 de Abril, 2026<\/span><\/span><\/div>\n<\/td>\n<td class='no-events domingo dom future-day weekend  no-events day-with-date'><div class='mc-date-container'><span class='mc-date no-events'><span aria-hidden='true'>26<\/span><span class='screen-reader-text'>26 de Abril, 2026<\/span><\/span><\/div>\n<\/td>\n<\/tr>\n<!-- End Event Row -->\n<tr class='mc-row'><td class='no-events segunda-feira seg future-day   no-events day-with-date'><div class='mc-date-container'><span class='mc-date no-events'><span aria-hidden='true'>27<\/span><span class='screen-reader-text'>27 de Abril, 2026<\/span><\/span><\/div>\n<\/td>\n<td class='no-events tera-feira ter future-day   no-events day-with-date'><div class='mc-date-container'><span class='mc-date no-events'><span aria-hidden='true'>28<\/span><span class='screen-reader-text'>28 de Abril, 2026<\/span><\/span><\/div>\n<\/td>\n<td class='no-events quarta-feira qua future-day   no-events day-with-date'><div class='mc-date-container'><span class='mc-date no-events'><span aria-hidden='true'>29<\/span><span class='screen-reader-text'>29 de Abril, 2026<\/span><\/span><\/div>\n<\/td>\n<td class='no-events quinta-feira qui future-day   no-events day-with-date'><div class='mc-date-container'><span class='mc-date no-events'><span aria-hidden='true'>30<\/span><span class='screen-reader-text'>30 de Abril, 2026<\/span><\/span><\/div>\n<\/td>\n<td class='no-events sexta-feira sex future-day  nextmonth no-events day-with-date'><div class='mc-date-container'><span class='mc-date no-events'><span aria-hidden='true'>1<\/span><span class='screen-reader-text'>1 de Maio, 2026<\/span><\/span><\/div>\n<\/td>\n<td class='no-events sbado sb future-day weekend nextmonth no-events day-with-date'><div class='mc-date-container'><span class='mc-date no-events'><span aria-hidden='true'>2<\/span><span class='screen-reader-text'>2 de Maio, 2026<\/span><\/span><\/div>\n<\/td>\n<td class='no-events domingo dom future-day weekend nextmonth no-events day-with-date'><div class='mc-date-container'><span class='mc-date no-events'><span aria-hidden='true'>3<\/span><span class='screen-reader-text'>3 de Maio, 2026<\/span><\/span><\/div>\n<\/td>\n<\/tr>\n<!-- End Event Row -->\n\n<\/tbody>\n<\/table><\/div><!-- .mc-content -->\n<nav class=\"my-calendar-navigation\" aria-label=\"Calendar (bottom)\">\n<div class=\"mc_bottomnav my-calendar-footer\"><div class=\"category-key has-icons\"><h3 class=\"maybe-hide\">Categorias<\/h3>\n<ul>\n<li class=\"cat_tsp\"><button type=\"button\" class=\"mc-navigation-button\" id=\"mc_cat_4-mc-948a6a8e8cd15db324902317a630b853\" data-href=\"https:\/\/novo.esocvp.org\/index.php\/tsp-tecnico-socorrista-de-proximidade\/?mcat=4\" ><span class=\"category-color-sample svg\" style=\"background:#963131;\"><svg style=\"fill:#ffffff\" focusable=\"false\" role=\"img\" aria-labelledby=\"cat_4\" class=\"category-icon\" xmlns=\"http:\/\/www.w3.org\/2000\/svg\" viewBox=\"0 0 512 512\"><!-- Font Awesome Free 5.15.3 by @fontawesome - https:\/\/fontawesome.com License - https:\/\/fontawesome.com\/license\/free (Icons: CC BY 4.0, Fonts: SIL OFL 1.1, Code: MIT License) --><title id='cat_4'>TSP<\/title><path d=\"M464 128h-80V80c0-26.5-21.5-48-48-48H176c-26.5 0-48 21.5-48 48v48H48c-26.5 0-48 21.5-48 48v288c0 26.5 21.5 48 48 48h416c26.5 0 48-21.5 48-48V176c0-26.5-21.5-48-48-48zM192 96h128v32H192V96zm160 248c0 4.4-3.6 8-8 8h-56v56c0 4.4-3.6 8-8 8h-48c-4.4 0-8-3.6-8-8v-56h-56c-4.4 0-8-3.6-8-8v-48c0-4.4 3.6-8 8-8h56v-56c0-4.4 3.6-8 8-8h48c4.4 0 8 3.6 8 8v56h56c4.4 0 8 3.6 8 8v48z\"\/><\/svg><\/span>TSP<\/button><\/li><li class='all-categories'><span class='mc-active' id='mc_cat_all-mc-948a6a8e8cd15db324902317a630b853' tabindex='-1'>Todas as categorias<\/span><\/li><\/ul><\/div><div class='mc-print'><a id='mc_print-mc-948a6a8e8cd15db324902317a630b853' href='https:\/\/novo.esocvp.org?cid=mc-print-view&#038;dy=1&#038;href=https%3A%2F%2Fnovo.esocvp.org%2Findex.php%2Fwp-json%2Fwp%2Fv2%2Fpages%2F462%2F&#038;mcat=4&#038;month=4&#038;time=month&#038;yr=2026' rel='nofollow'><span class='mc-icon' aria-hidden='true'><\/span>Print<span class=\"maybe-hide\"> View<\/span><\/a><\/div><\/div>\n<\/nav>\n\r\n<\/div><!-- Close Main My Calendar Wrapper -->\n<\/div>\n<\/div>\n","protected":false},"excerpt":{"rendered":"<p>Dura\u00e7\u00e3o \/ N\u00famero de formandos: 31 horas \/ 12 formandos Objetivo: Esta ac\u00e7\u00e3o pretende formar socorristas afectos \u00e0s Delega\u00e7\u00f5es Locais da CVP ou a institui\u00e7\u00f5es com especiais responsabilidades na comunidade na \u00e1rea da prote\u00e7\u00e3o civil, cuja atividade potencial ou uma das vertentes de funcionamento seja a possibilidade da ocorr\u00eancia de situa\u00e7\u00f5es de doen\u00e7a s\u00fabita ou [&hellip;]<\/p>\n","protected":false},"author":1,"featured_media":0,"parent":0,"menu_order":0,"comment_status":"closed","ping_status":"closed","template":"wp-custom-template-curso-tsp","meta":{"_mc_calendar":[],"footnotes":""},"class_list":["post-462","page","type-page","status-publish","hentry"],"_links":{"self":[{"href":"https:\/\/novo.esocvp.org\/index.php\/wp-json\/wp\/v2\/pages\/462","targetHints":{"allow":["GET"]}}],"collection":[{"href":"https:\/\/novo.esocvp.org\/index.php\/wp-json\/wp\/v2\/pages"}],"about":[{"href":"https:\/\/novo.esocvp.org\/index.php\/wp-json\/wp\/v2\/types\/page"}],"author":[{"embeddable":true,"href":"https:\/\/novo.esocvp.org\/index.php\/wp-json\/wp\/v2\/users\/1"}],"replies":[{"embeddable":true,"href":"https:\/\/novo.esocvp.org\/index.php\/wp-json\/wp\/v2\/comments?post=462"}],"version-history":[{"count":20,"href":"https:\/\/novo.esocvp.org\/index.php\/wp-json\/wp\/v2\/pages\/462\/revisions"}],"predecessor-version":[{"id":1243,"href":"https:\/\/novo.esocvp.org\/index.php\/wp-json\/wp\/v2\/pages\/462\/revisions\/1243"}],"wp:attachment":[{"href":"https:\/\/novo.esocvp.org\/index.php\/wp-json\/wp\/v2\/media?parent=462"}],"curies":[{"name":"wp","href":"https:\/\/api.w.org\/{rel}","templated":true}]}}